{"id":50,"date":"2019-01-23T20:39:11","date_gmt":"2019-01-23T20:39:11","guid":{"rendered":"http:\/\/wp.tscdelphin.de\/?page_id=50"},"modified":"2022-05-16T18:59:25","modified_gmt":"2022-05-16T18:59:25","slug":"willkommen-beim-tsc-delphin","status":"publish","type":"page","link":"http:\/\/wp.tscdelphin.de\/","title":{"rendered":"Willkommen beim Tauchsportclub &#8222;Delphin&#8220;"},"content":{"rendered":"\n<div class=\"wp-block-image\"><figure class=\"alignright\"><img loading=\"lazy\" decoding=\"async\" width=\"200\" height=\"150\" src=\"http:\/\/wp.tscdelphin.de\/wp-content\/uploads\/2013\/06\/images_komp_neu2.jpg\" alt=\"komp neu2\" class=\"wp-image-22\"\/><\/figure><\/div>\n\n\n\n<p>Herzlich Willkommen auf der Internetseite des Tauchsportclub &#8222;Delphin&#8220; L\u00fcdenscheid e.V..<\/p>\n\n\n\n<p>Unser Verein wurde 1959 gegr\u00fcndet und ist mit einer der \u00e4ltesten Tauchsport-Vereine in Nordrhein Westfalen.<\/p>\n\n\n\n<p>Wenn Sie Interesse am Tauchsport haben, dann durchst\u00f6bern Sie doch einfach unsere Seiten oder informieren sich schon einmal in unseren <a aria-label=\"Infos zur Aufnahme (\u00f6ffnet in neuem Tab)\" href=\"http:\/\/wp.tscdelphin.de\/wp-content\/uploads\/2019\/02\/Aufnahmeinfo_2019_02.pdf\" target=\"_blank\" rel=\"noreferrer noopener\">Infos zur Aufnahme<\/a> (Stand 02\/2019). <br><\/p>\n\n\n\n<p>Unser Hallenbadtraining findet Montags von 20:00 Uhr bis 21:30 Uhr statt. Von Mai bis September besteht zwischen 19:00 Uhr und 19:30 Uhr die M\u00f6glichkeit, seine Tauchger\u00e4te in unserem Clubraum f\u00fcllen zu lassen.<\/p>\n\n\n\n<p>G\u00e4ste und Tauchanf\u00e4nger sind bei uns jederzeit willkommen, das Vereinsb\u00fcro im Hallenbad Nattenberg ist montags zwischen 19:45 Uhr und 20:00 Uhr ge\u00f6ffnet. Wir freuen uns dort jederzeit auf Ihren Besuch.<br><\/p>\n\n\n\n<hr class=\"wp-block-separator is-style-wide\"\/>\n","protected":false},"excerpt":{"rendered":"<p>Herzlich Willkommen auf der Internetseite des Tauchsportclub &#8222;Delphin&#8220; L\u00fcdenscheid e.V.. Unser Verein wurde 1959 gegr\u00fcndet und ist mit einer der \u00e4ltesten Tauchsport-Vereine in Nordrhein Westfalen. Wenn Sie Interesse am Tauchsport haben, dann durchst\u00f6bern Sie&#46;&#46;&#46;<\/p>\n","protected":false},"author":1,"featured_media":0,"parent":0,"menu_order":0,"comment_status":"closed","ping_status":"closed","template":"","meta":{"footnotes":""},"class_list":["post-50","page","type-page","status-publish","hentry"],"_links":{"self":[{"href":"http:\/\/wp.tscdelphin.de\/index.php?rest_route=\/wp\/v2\/pages\/50","targetHints":{"allow":["GET"]}}],"collection":[{"href":"http:\/\/wp.tscdelphin.de\/index.php?rest_route=\/wp\/v2\/pages"}],"about":[{"href":"http:\/\/wp.tscdelphin.de\/index.php?rest_route=\/wp\/v2\/types\/page"}],"author":[{"embeddable":true,"href":"http:\/\/wp.tscdelphin.de\/index.php?rest_route=\/wp\/v2\/users\/1"}],"replies":[{"embeddable":true,"href":"http:\/\/wp.tscdelphin.de\/index.php?rest_route=%2Fwp%2Fv2%2Fcomments&post=50"}],"version-history":[{"count":33,"href":"http:\/\/wp.tscdelphin.de\/index.php?rest_route=\/wp\/v2\/pages\/50\/revisions"}],"predecessor-version":[{"id":295,"href":"http:\/\/wp.tscdelphin.de\/index.php?rest_route=\/wp\/v2\/pages\/50\/revisions\/295"}],"wp:attachment":[{"href":"http:\/\/wp.tscdelphin.de\/index.php?rest_route=%2Fwp%2Fv2%2Fmedia&parent=50"}],"curies":[{"name":"wp","href":"https:\/\/api.w.org\/{rel}","templated":true}]}}